{"id":1073,"date":"2025-08-25T22:24:19","date_gmt":"2025-08-25T22:24:19","guid":{"rendered":"https:\/\/ciaoup.it\/index.php\/accessibility-statement\/"},"modified":"2025-08-25T22:24:19","modified_gmt":"2025-08-25T22:24:19","slug":"accessibility-statement","status":"publish","type":"page","link":"https:\/\/ciaoup.it\/?page_id=1073","title":{"rendered":"Accessibility statement"},"content":{"rendered":"\n\n<h6 class=\"wp-block-heading has-text-align-center\">Dichiarazione di accessibilit\u00e0 per https:\/\/ciaoup.it<\/h6>\n\n\n<p><strong>Enterimprese srl<\/strong> si impegna a garantire l&#8217;accessibilit\u00e0 digitale alle persone disabilizzate. Miglioriamo continuamente l&#8217;esperienza d&#8217;uso per tutte le persone che accedono al sito e applichiamo i relativi standard di accessibilit\u00e0.<\/p>\n\n\n<h6 class=\"wp-block-heading\">Stato di conformit\u00e0<\/h6>\n\n\n<p>Le Linee guida per l\u2019accessibilit\u00e0 dei contenuti eeb (WCAG) definiscono i requisiti per chi crea e sviluppa i siti per migliorare l&#8217;accessibilit\u00e0 per le persone disabilizzate. Definiscono tre livelli di conformit\u00e0: Livello A, Livello AA e Livello AAA.<\/p>\n\n\n<p><strong>Enterimprese srl<\/strong> si impegna costantemente per migliorare l&#8217;accessibilit\u00e0 del suo sito e dei suoi servizi, nella convinzione che sia nostro obbligo morale collettivo consentire un utilizzo scorrevole, accessibile e senza ostacoli per le persone che sono disabilizzate.<\/p>\n\n\n<p>Il nostro obiettivo \u00e8 rendere accessibili tutte le pagine e i contenuti di <strong>https:\/\/ciaoup.it<\/strong>, ma alcuni contenuti potrebbero non soddisfare ancora pienamente i pi\u00f9 elevati standard di accessibilit\u00e0. Ci\u00f2 potrebbe essere dovuto alle difficolt\u00e0 nell&#8217;individuare la soluzione tecnologica pi\u00f9 adatta.<\/p>\n\n\n<p>Potremmo rivedere periodicamente la presente Informativa per riflettere miglioramenti o modifiche alle nostre pratiche di accessibilit\u00e0.<\/p>\n\n\n<h6 class=\"wp-block-heading\">Feedback<\/h6>\n\n\n<p>Apprezziamo il tuo feedback sull&#8217;accessibilit\u00e0 del sito web <strong>Enterimprese srl<\/strong>. Facci sapere se riscontri barriere di accessibilit\u00e0 sul nostro sito web:<\/p>\n\n\n<p>E-mail: <strong>office@enterimprese.it<\/strong><\/p>\n\n\n<p>Cerchiamo di rispondere ai feedback entro 3-5 giorni lavorativi.<\/p>\n\n\n<p>Questa dichiarazione \u00e8 stata creata il 26\/08\/2025. <\/p>\n<div style=\"display:flex; gap:10px;justify-content:center\" class=\"wps-pgfw-pdf-generate-icon__wrapper-frontend\">\n\t\t<a  href=\"https:\/\/ciaoup.it?action=genpdf&amp;id=1073\" class=\"pgfw-single-pdf-download-button\" ><img src=\"https:\/\/ciaoup.it\/wp-content\/plugins\/pdf-generator-for-wp\/admin\/src\/images\/PDF_Tray.svg\" title=\"Generate PDF\" style=\"width:auto; height:45px;\"><\/a>\n\t\t<\/div>","protected":false},"excerpt":{"rendered":"<p>Dichiarazione di accessibilit\u00e0 per https:\/\/ciaoup.it Enterimprese srl si impegna a garantire l&#8217;accessibilit\u00e0 digitale alle persone&hellip;<\/p>\n","protected":false},"author":1,"featured_media":0,"parent":0,"menu_order":0,"comment_status":"closed","ping_status":"closed","template":"","meta":{"footnotes":""},"class_list":["post-1073","page","type-page","status-publish","hentry"],"_links":{"self":[{"href":"https:\/\/ciaoup.it\/index.php?rest_route=\/wp\/v2\/pages\/1073","targetHints":{"allow":["GET"]}}],"collection":[{"href":"https:\/\/ciaoup.it\/index.php?rest_route=\/wp\/v2\/pages"}],"about":[{"href":"https:\/\/ciaoup.it\/index.php?rest_route=\/wp\/v2\/types\/page"}],"author":[{"embeddable":true,"href":"https:\/\/ciaoup.it\/index.php?rest_route=\/wp\/v2\/users\/1"}],"replies":[{"embeddable":true,"href":"https:\/\/ciaoup.it\/index.php?rest_route=%2Fwp%2Fv2%2Fcomments&post=1073"}],"version-history":[{"count":0,"href":"https:\/\/ciaoup.it\/index.php?rest_route=\/wp\/v2\/pages\/1073\/revisions"}],"wp:attachment":[{"href":"https:\/\/ciaoup.it\/index.php?rest_route=%2Fwp%2Fv2%2Fmedia&parent=1073"}],"curies":[{"name":"wp","href":"https:\/\/api.w.org\/{rel}","templated":true}]}}